{"id":144,"date":"2022-10-02T16:11:05","date_gmt":"2022-10-02T16:11:05","guid":{"rendered":"http:\/\/www.gokaybaykara.com\/?page_id=144"},"modified":"2023-01-11T19:18:47","modified_gmt":"2023-01-11T22:18:47","slug":"meme-estetigi-meme-kucultme-ameliyati","status":"publish","type":"page","link":"https:\/\/gokaybaykara.com\/?page_id=144","title":{"rendered":"Meme K\u00fc\u00e7\u00fcltme Ameliyat\u0131"},"content":{"rendered":"","protected":false},"excerpt":{"rendered":"","protected":false},"author":1,"featured_media":0,"parent":0,"menu_order":0,"comment_status":"closed","ping_status":"closed","template":"","meta":{"_joinchat":[],"footnotes":""},"class_list":["post-144","page","type-page","status-publish","hentry"],"_links":{"self":[{"href":"https:\/\/gokaybaykara.com\/index.php?rest_route=\/wp\/v2\/pages\/144","targetHints":{"allow":["GET"]}}],"collection":[{"href":"https:\/\/gokaybaykara.com\/index.php?rest_route=\/wp\/v2\/pages"}],"about":[{"href":"https:\/\/gokaybaykara.com\/index.php?rest_route=\/wp\/v2\/types\/page"}],"author":[{"embeddable":true,"href":"https:\/\/gokaybaykara.com\/index.php?rest_route=\/wp\/v2\/users\/1"}],"replies":[{"embeddable":true,"href":"https:\/\/gokaybaykara.com\/index.php?rest_route=%2Fwp%2Fv2%2Fcomments&post=144"}],"version-history":[{"count":0,"href":"https:\/\/gokaybaykara.com\/index.php?rest_route=\/wp\/v2\/pages\/144\/revisions"}],"wp:attachment":[{"href":"https:\/\/gokaybaykara.com\/index.php?rest_route=%2Fwp%2Fv2%2Fmedia&parent=144"}],"curies":[{"name":"wp","href":"https:\/\/api.w.org\/{rel}","templated":true}]}}