{"id":118,"date":"2022-10-02T15:56:32","date_gmt":"2022-10-02T15:56:32","guid":{"rendered":"http:\/\/www.gokaybaykara.com\/?page_id=118"},"modified":"2023-01-11T13:40:54","modified_gmt":"2023-01-11T16:40:54","slug":"yuz-estetigi-goz-kapagi-ameliyati","status":"publish","type":"page","link":"https:\/\/gokaybaykara.com\/?page_id=118","title":{"rendered":"G\u00f6z Kapa\u011f\u0131 Ameliyat\u0131"},"content":{"rendered":"","protected":false},"excerpt":{"rendered":"","protected":false},"author":1,"featured_media":0,"parent":0,"menu_order":0,"comment_status":"closed","ping_status":"closed","template":"","meta":{"_joinchat":[],"footnotes":""},"class_list":["post-118","page","type-page","status-publish","hentry"],"_links":{"self":[{"href":"https:\/\/gokaybaykara.com\/index.php?rest_route=\/wp\/v2\/pages\/118","targetHints":{"allow":["GET"]}}],"collection":[{"href":"https:\/\/gokaybaykara.com\/index.php?rest_route=\/wp\/v2\/pages"}],"about":[{"href":"https:\/\/gokaybaykara.com\/index.php?rest_route=\/wp\/v2\/types\/page"}],"author":[{"embeddable":true,"href":"https:\/\/gokaybaykara.com\/index.php?rest_route=\/wp\/v2\/users\/1"}],"replies":[{"embeddable":true,"href":"https:\/\/gokaybaykara.com\/index.php?rest_route=%2Fwp%2Fv2%2Fcomments&post=118"}],"version-history":[{"count":0,"href":"https:\/\/gokaybaykara.com\/index.php?rest_route=\/wp\/v2\/pages\/118\/revisions"}],"wp:attachment":[{"href":"https:\/\/gokaybaykara.com\/index.php?rest_route=%2Fwp%2Fv2%2Fmedia&parent=118"}],"curies":[{"name":"wp","href":"https:\/\/api.w.org\/{rel}","templated":true}]}}